{"id":2,"date":"2023-02-16T09:28:38","date_gmt":"2023-02-16T08:28:09","guid":{"rendered":"https:\/\/eggerlicht.com\/?page_id=2"},"modified":"2026-03-16T08:59:40","modified_gmt":"2026-03-16T07:59:40","slug":"egger-licht","status":"publish","type":"page","link":"https:\/\/eggerlicht.com\/en\/","title":{"rendered":"Egger Licht"},"content":{"rendered":"","protected":false},"excerpt":{"rendered":"","protected":false},"author":1,"featured_media":0,"parent":0,"menu_order":0,"comment_status":"closed","ping_status":"closed","template":"","meta":{"_acf_changed":false,"inline_featured_image":false,"footnotes":""},"class_list":["post-2","page","type-page","status-publish","hentry"],"acf":[],"yoast_head":"<!-- This site is optimized with the Yoast SEO plugin v27.4 - https:\/\/yoast.com\/product\/yoast-seo-wordpress\/ -->\n<title>Egger Licht &#8212; Licht beeinflusst unser Leben.<\/title>\n<meta name=\"description\" content=\"Wir sind Ihr kompetenter Partner in Sachen Lichtplanung und Lichtdesign und l\u00f6sen idividuelle Kundenw\u00fcnsche mit gro\u00dfer Perfektion.\" \/>\n<meta name=\"robots\" content=\"index, follow, max-snippet:-1, max-image-preview:large, max-video-preview:-1\" \/>\n<link rel=\"canonical\" href=\"https:\/\/eggerlicht.com\/en\/\" \/>\n<meta property=\"og:locale\" content=\"en_US\" \/>\n<meta property=\"og:type\" content=\"article\" \/>\n<meta property=\"og:title\" content=\"Egger Licht &#8212; Licht beeinflusst unser Leben.\" \/>\n<meta property=\"og:description\" content=\"Wir sind Ihr kompetenter Partner in Sachen Lichtplanung und Lichtdesign und l\u00f6sen idividuelle Kundenw\u00fcnsche mit gro\u00dfer Perfektion.\" \/>\n<meta property=\"og:url\" content=\"https:\/\/eggerlicht.com\/en\/\" \/>\n<meta property=\"og:site_name\" content=\"Egger Licht\" \/>\n<meta property=\"article:modified_time\" content=\"2026-03-16T07:59:40+00:00\" \/>\n<meta name=\"twitter:card\" content=\"summary_large_image\" \/>\n<meta name=\"twitter:label1\" content=\"Est. reading time\" \/>\n\t<meta name=\"twitter:data1\" content=\"1 minute\" \/>\n<script type=\"application\/ld+json\" class=\"yoast-schema-graph\">{\"@context\":\"https:\\\/\\\/schema.org\",\"@graph\":[{\"@type\":\"WebPage\",\"@id\":\"https:\\\/\\\/eggerlicht.com\\\/en\\\/\",\"url\":\"https:\\\/\\\/eggerlicht.com\\\/en\\\/\",\"name\":\"Egger Licht &#8212; Licht beeinflusst unser Leben.\",\"isPartOf\":{\"@id\":\"https:\\\/\\\/eggerlicht.com\\\/en\\\/#website\"},\"datePublished\":\"2023-02-16T08:28:09+00:00\",\"dateModified\":\"2026-03-16T07:59:40+00:00\",\"description\":\"Wir sind Ihr kompetenter Partner in Sachen Lichtplanung und Lichtdesign und l\u00f6sen idividuelle Kundenw\u00fcnsche mit gro\u00dfer Perfektion.\",\"breadcrumb\":{\"@id\":\"https:\\\/\\\/eggerlicht.com\\\/en\\\/#breadcrumb\"},\"inLanguage\":\"en-US\",\"potentialAction\":[{\"@type\":\"ReadAction\",\"target\":[[\"https:\\\/\\\/eggerlicht.com\\\/en\\\/\"]]}]},{\"@type\":\"BreadcrumbList\",\"@id\":\"https:\\\/\\\/eggerlicht.com\\\/en\\\/#breadcrumb\",\"itemListElement\":[{\"@type\":\"ListItem\",\"position\":1,\"name\":\"Startseite\",\"item\":\"https:\\\/\\\/eggerlicht.com\\\/en\\\/\"},{\"@type\":\"ListItem\",\"position\":2,\"name\":\"Egger Licht\"}]},{\"@type\":\"WebSite\",\"@id\":\"https:\\\/\\\/eggerlicht.com\\\/en\\\/#website\",\"url\":\"https:\\\/\\\/eggerlicht.com\\\/en\\\/\",\"name\":\"Egger Licht\",\"description\":\"Licht beeinflusst unser Leben.\",\"potentialAction\":[{\"@type\":\"SearchAction\",\"target\":{\"@type\":\"EntryPoint\",\"urlTemplate\":\"https:\\\/\\\/eggerlicht.com\\\/en\\\/?s={search_term_string}\"},\"query-input\":{\"@type\":\"PropertyValueSpecification\",\"valueRequired\":true,\"valueName\":\"search_term_string\"}}],\"inLanguage\":\"en-US\"}]}<\/script>\n<!-- \/ Yoast SEO plugin. -->","yoast_head_json":{"title":"Egger Licht &#8212; Licht beeinflusst unser Leben.","description":"Wir sind Ihr kompetenter Partner in Sachen Lichtplanung und Lichtdesign und l\u00f6sen idividuelle Kundenw\u00fcnsche mit gro\u00dfer Perfektion.","robots":{"index":"index","follow":"follow","max-snippet":"max-snippet:-1","max-image-preview":"max-image-preview:large","max-video-preview":"max-video-preview:-1"},"canonical":"https:\/\/eggerlicht.com\/en\/","og_locale":"en_US","og_type":"article","og_title":"Egger Licht &#8212; Licht beeinflusst unser Leben.","og_description":"Wir sind Ihr kompetenter Partner in Sachen Lichtplanung und Lichtdesign und l\u00f6sen idividuelle Kundenw\u00fcnsche mit gro\u00dfer Perfektion.","og_url":"https:\/\/eggerlicht.com\/en\/","og_site_name":"Egger Licht","article_modified_time":"2026-03-16T07:59:40+00:00","twitter_card":"summary_large_image","twitter_misc":{"Est. reading time":"1 minute"},"schema":{"@context":"https:\/\/schema.org","@graph":[{"@type":"WebPage","@id":"https:\/\/eggerlicht.com\/en\/","url":"https:\/\/eggerlicht.com\/en\/","name":"Egger Licht &#8212; Licht beeinflusst unser Leben.","isPartOf":{"@id":"https:\/\/eggerlicht.com\/en\/#website"},"datePublished":"2023-02-16T08:28:09+00:00","dateModified":"2026-03-16T07:59:40+00:00","description":"Wir sind Ihr kompetenter Partner in Sachen Lichtplanung und Lichtdesign und l\u00f6sen idividuelle Kundenw\u00fcnsche mit gro\u00dfer Perfektion.","breadcrumb":{"@id":"https:\/\/eggerlicht.com\/en\/#breadcrumb"},"inLanguage":"en-US","potentialAction":[{"@type":"ReadAction","target":[["https:\/\/eggerlicht.com\/en\/"]]}]},{"@type":"BreadcrumbList","@id":"https:\/\/eggerlicht.com\/en\/#breadcrumb","itemListElement":[{"@type":"ListItem","position":1,"name":"Startseite","item":"https:\/\/eggerlicht.com\/en\/"},{"@type":"ListItem","position":2,"name":"Egger Licht"}]},{"@type":"WebSite","@id":"https:\/\/eggerlicht.com\/en\/#website","url":"https:\/\/eggerlicht.com\/en\/","name":"Egger Licht","description":"Licht beeinflusst unser Leben.","potentialAction":[{"@type":"SearchAction","target":{"@type":"EntryPoint","urlTemplate":"https:\/\/eggerlicht.com\/en\/?s={search_term_string}"},"query-input":{"@type":"PropertyValueSpecification","valueRequired":true,"valueName":"search_term_string"}}],"inLanguage":"en-US"}]}},"_links":{"self":[{"href":"https:\/\/eggerlicht.com\/en\/wp-json\/wp\/v2\/pages\/2","targetHints":{"allow":["GET"]}}],"collection":[{"href":"https:\/\/eggerlicht.com\/en\/wp-json\/wp\/v2\/pages"}],"about":[{"href":"https:\/\/eggerlicht.com\/en\/wp-json\/wp\/v2\/types\/page"}],"author":[{"embeddable":true,"href":"https:\/\/eggerlicht.com\/en\/wp-json\/wp\/v2\/users\/1"}],"replies":[{"embeddable":true,"href":"https:\/\/eggerlicht.com\/en\/wp-json\/wp\/v2\/comments?post=2"}],"version-history":[{"count":117,"href":"https:\/\/eggerlicht.com\/en\/wp-json\/wp\/v2\/pages\/2\/revisions"}],"predecessor-version":[{"id":2976,"href":"https:\/\/eggerlicht.com\/en\/wp-json\/wp\/v2\/pages\/2\/revisions\/2976"}],"wp:attachment":[{"href":"https:\/\/eggerlicht.com\/en\/wp-json\/wp\/v2\/media?parent=2"}],"curies":[{"name":"wp","href":"https:\/\/api.w.org\/{rel}","templated":true}]}}