{"id":2950,"date":"2025-11-03T13:51:21","date_gmt":"2025-11-03T12:51:21","guid":{"rendered":"https:\/\/eggerlicht.com\/?page_id=2950"},"modified":"2026-04-22T15:52:06","modified_gmt":"2026-04-22T13:52:06","slug":"content-creator-fuer-grafik-design-bildbearbeitung-und-social-media-m-w-d-feldkirchen-k","status":"publish","type":"page","link":"https:\/\/eggerlicht.com\/en\/jobs\/content-creator-fuer-grafik-design-bildbearbeitung-und-social-media-m-w-d\/","title":{"rendered":"Content-Creator f\u00fcr Grafik-Design, Bildbearbeitung und Social Media (m\/w\/d) Feldkirchen (K)"},"content":{"rendered":"<p class=\"qtranxs-available-languages-message qtranxs-available-languages-message-en\">Sorry, this entry is only available in <a href=\"https:\/\/eggerlicht.com\/de\/wp-json\/wp\/v2\/pages\/2950\" class=\"qtranxs-available-language-link qtranxs-available-language-link-de\" title=\"de\">de<\/a>.<\/p><p><strong>Du bist kreativ, motiviert und hast Spa\u00df an Gestaltung?<\/strong><br \/>\nDann bist Du bei uns genau richtig.<\/p>\n<p>Wir sind ein international t\u00e4tiges Lichtplanungsb\u00fcro mit kreativen Konzepten und modernen Projekten in aller Welt und suchen zur Verst\u00e4rkung unseres Teams f\u00fcr unser B\u00fcro in Feldkirchen (K) eine\/n<\/p>\n<p><strong>Content-Creator f\u00fcr Grafik-Design, Bildbearbeitung und Social Media (m\/w\/d)<\/strong><\/p>\n<p><strong>Das sind Deine Aufgaben<\/strong><\/p>\n<ul>\n<li>Gestaltung und Umsetzung von grafischen Inhalten f\u00fcr unsere visuellen Kommunikationsmittel (Katalog, Website, Newsletter, Social Media Kan\u00e4le)<\/li>\n<li>Professionelle Bildbearbeitung (Bildmontage, Retusche, Farbkorrektur) von Produkt- und Projektaufnahmen<\/li>\n<li>Erstellen von Print- und 2D-Grafiken<\/li>\n<li>Konzeption und Erstellung von ansprechenden visuellen Inhalten (Texte, Bilder, Videos) f\u00fcr unsere Social Media Kan\u00e4le<\/li>\n<\/ul>\n<p><strong>Mit dem kommst Du zu uns<\/strong><\/p>\n<ul>\n<li>Begeisterung f\u00fcr Architektur, Interior Design und Spa\u00df an Gestaltung<\/li>\n<li>Ausbildung im Bereich Grafikdesign, Mediengestaltung oder eine vergleichbare Qualifikation<\/li>\n<li>Sicherer Umgang mit Photoshop, InDesign, Illustrator, WordPress und MS Office<\/li>\n<li>Erfahrung mit Cinema4D f\u00fcr 3D Produktrenderings und -animationen w\u00fcnschenswert<\/li>\n<li>Erfahrung in Fotografie w\u00fcnschenswert<\/li>\n<\/ul>\n<p><strong>Was erwartet Dich bei Egger Licht<\/strong><\/p>\n<ul>\n<li>Ein interessanter, abwechslungsreicher und vielseitiger Aufgabenbereich, in dem Du Gestaltungsspielraum hast und Dich kreativ einbringen kannst<\/li>\n<li>Eine angenehme Arbeitsatmosph\u00e4re in einem engagierten Team<\/li>\n<li>Eine Vollzeitstelle (38,5 Std.) mit entsprechender leistungsgerechter und marktkonformer Entlohnung (ab brutto 2.300,- \u20ac), Bereitschaft zur \u00dcberzahlung bei entsprechender Qualifikation<\/li>\n<\/ul>\n<p>Wir freuen uns auf Dich! Bitte sende Deine aussagekr\u00e4ftige Bewerbung mit Foto an: <a href=\"ma&#105;&#108;&#116;&#x6f;&#x3a;&#x65;&#x64;el&#116;&#114;&#97;&#x75;&#x64;&#x2e;&#x65;gg&#101;&#114;&#64;&#x65;&#x67;&#x67;&#x65;rl&#105;&#99;&#104;&#x74;&#x2e;&#x63;&#x6f;m\">&#101;d&#x65;l&#x74;r&#x61;u&#x64;&#46;&#x65;&#103;&#x67;&#101;&#x72;&#64;e&#103;g&#x65;r&#x6c;i&#x63;&#104;&#x74;&#46;&#x63;&#111;&#x6d;<\/a><\/p>","protected":false},"excerpt":{"rendered":"<p>Sorry, this entry is only available in de.Du bist kreativ,&hellip;<\/p>\n","protected":false},"author":3,"featured_media":0,"parent":1735,"menu_order":0,"comment_status":"closed","ping_status":"closed","template":"page-templates\/text.php","meta":{"_acf_changed":false,"inline_featured_image":false,"footnotes":""},"class_list":["post-2950","page","type-page","status-publish","hentry"],"acf":[],"yoast_head":"<!-- This site is optimized with the Yoast SEO plugin v27.4 - https:\/\/yoast.com\/product\/yoast-seo-wordpress\/ -->\n<title>Content Creator Grafikdesign \u2013 Egger Licht Feldkirchen (K)<\/title>\n<meta name=\"description\" content=\"Werde Content Creator f\u00fcr Grafikdesign &amp; Social Media bei Egger Licht in Feldkirchen. Kreatives Umfeld, spannende Projekte, starkes Team!\" \/>\n<meta name=\"robots\" content=\"index, follow, max-snippet:-1, max-image-preview:large, max-video-preview:-1\" \/>\n<link rel=\"canonical\" href=\"https:\/\/eggerlicht.com\/en\/jobs\/content-creator-fuer-grafik-design-bildbearbeitung-und-social-media-m-w-d\/\" \/>\n<meta property=\"og:locale\" content=\"en_US\" \/>\n<meta property=\"og:type\" content=\"article\" \/>\n<meta property=\"og:title\" content=\"Content Creator Grafikdesign \u2013 Egger Licht Feldkirchen (K)\" \/>\n<meta property=\"og:description\" content=\"Werde Content Creator f\u00fcr Grafikdesign &amp; Social Media bei Egger Licht in Feldkirchen. Kreatives Umfeld, spannende Projekte, starkes Team!\" \/>\n<meta property=\"og:url\" content=\"https:\/\/eggerlicht.com\/en\/jobs\/content-creator-fuer-grafik-design-bildbearbeitung-und-social-media-m-w-d\/\" \/>\n<meta property=\"og:site_name\" content=\"Egger Licht\" \/>\n<meta property=\"article:modified_time\" content=\"2026-04-22T13:52:06+00:00\" \/>\n<meta name=\"twitter:card\" content=\"summary_large_image\" \/>\n<meta name=\"twitter:label1\" content=\"Est. reading time\" \/>\n\t<meta name=\"twitter:data1\" content=\"1 minute\" \/>\n<script type=\"application\/ld+json\" class=\"yoast-schema-graph\">{\"@context\":\"https:\\\/\\\/schema.org\",\"@graph\":[{\"@type\":\"WebPage\",\"@id\":\"https:\\\/\\\/eggerlicht.com\\\/en\\\/jobs\\\/content-creator-fuer-grafik-design-bildbearbeitung-und-social-media-m-w-d\\\/\",\"url\":\"https:\\\/\\\/eggerlicht.com\\\/en\\\/jobs\\\/content-creator-fuer-grafik-design-bildbearbeitung-und-social-media-m-w-d\\\/\",\"name\":\"Content Creator Grafikdesign \u2013 Egger Licht Feldkirchen (K)\",\"isPartOf\":{\"@id\":\"https:\\\/\\\/eggerlicht.com\\\/en\\\/#website\"},\"datePublished\":\"2025-11-03T12:51:21+00:00\",\"dateModified\":\"2026-04-22T13:52:06+00:00\",\"description\":\"Werde Content Creator f\u00fcr Grafikdesign & Social Media bei Egger Licht in Feldkirchen. Kreatives Umfeld, spannende Projekte, starkes Team!\",\"breadcrumb\":{\"@id\":\"https:\\\/\\\/eggerlicht.com\\\/en\\\/jobs\\\/content-creator-fuer-grafik-design-bildbearbeitung-und-social-media-m-w-d\\\/#breadcrumb\"},\"inLanguage\":\"en-US\",\"potentialAction\":[{\"@type\":\"ReadAction\",\"target\":[[\"https:\\\/\\\/eggerlicht.com\\\/en\\\/jobs\\\/content-creator-fuer-grafik-design-bildbearbeitung-und-social-media-m-w-d\\\/\"]]}]},{\"@type\":\"BreadcrumbList\",\"@id\":\"https:\\\/\\\/eggerlicht.com\\\/en\\\/jobs\\\/content-creator-fuer-grafik-design-bildbearbeitung-und-social-media-m-w-d\\\/#breadcrumb\",\"itemListElement\":[{\"@type\":\"ListItem\",\"position\":1,\"name\":\"Startseite\",\"item\":\"https:\\\/\\\/eggerlicht.com\\\/en\\\/\"},{\"@type\":\"ListItem\",\"position\":2,\"name\":\"Jobs\",\"item\":\"https:\\\/\\\/eggerlicht.com\\\/en\\\/jobs\\\/\"},{\"@type\":\"ListItem\",\"position\":3,\"name\":\"Content-Creator f\u00fcr Grafik-Design, Bildbearbeitung und Social Media (m\\\/w\\\/d) Feldkirchen (K)\"}]},{\"@type\":\"WebSite\",\"@id\":\"https:\\\/\\\/eggerlicht.com\\\/en\\\/#website\",\"url\":\"https:\\\/\\\/eggerlicht.com\\\/en\\\/\",\"name\":\"Egger Licht\",\"description\":\"Licht beeinflusst unser Leben.\",\"potentialAction\":[{\"@type\":\"SearchAction\",\"target\":{\"@type\":\"EntryPoint\",\"urlTemplate\":\"https:\\\/\\\/eggerlicht.com\\\/en\\\/?s={search_term_string}\"},\"query-input\":{\"@type\":\"PropertyValueSpecification\",\"valueRequired\":true,\"valueName\":\"search_term_string\"}}],\"inLanguage\":\"en-US\"}]}<\/script>\n<!-- \/ Yoast SEO plugin. -->","yoast_head_json":{"title":"Content Creator Grafikdesign \u2013 Egger Licht Feldkirchen (K)","description":"Werde Content Creator f\u00fcr Grafikdesign & Social Media bei Egger Licht in Feldkirchen. Kreatives Umfeld, spannende Projekte, starkes Team!","robots":{"index":"index","follow":"follow","max-snippet":"max-snippet:-1","max-image-preview":"max-image-preview:large","max-video-preview":"max-video-preview:-1"},"canonical":"https:\/\/eggerlicht.com\/en\/jobs\/content-creator-fuer-grafik-design-bildbearbeitung-und-social-media-m-w-d\/","og_locale":"en_US","og_type":"article","og_title":"Content Creator Grafikdesign \u2013 Egger Licht Feldkirchen (K)","og_description":"Werde Content Creator f\u00fcr Grafikdesign & Social Media bei Egger Licht in Feldkirchen. Kreatives Umfeld, spannende Projekte, starkes Team!","og_url":"https:\/\/eggerlicht.com\/en\/jobs\/content-creator-fuer-grafik-design-bildbearbeitung-und-social-media-m-w-d\/","og_site_name":"Egger Licht","article_modified_time":"2026-04-22T13:52:06+00:00","twitter_card":"summary_large_image","twitter_misc":{"Est. reading time":"1 minute"},"schema":{"@context":"https:\/\/schema.org","@graph":[{"@type":"WebPage","@id":"https:\/\/eggerlicht.com\/en\/jobs\/content-creator-fuer-grafik-design-bildbearbeitung-und-social-media-m-w-d\/","url":"https:\/\/eggerlicht.com\/en\/jobs\/content-creator-fuer-grafik-design-bildbearbeitung-und-social-media-m-w-d\/","name":"Content Creator Grafikdesign \u2013 Egger Licht Feldkirchen (K)","isPartOf":{"@id":"https:\/\/eggerlicht.com\/en\/#website"},"datePublished":"2025-11-03T12:51:21+00:00","dateModified":"2026-04-22T13:52:06+00:00","description":"Werde Content Creator f\u00fcr Grafikdesign & Social Media bei Egger Licht in Feldkirchen. Kreatives Umfeld, spannende Projekte, starkes Team!","breadcrumb":{"@id":"https:\/\/eggerlicht.com\/en\/jobs\/content-creator-fuer-grafik-design-bildbearbeitung-und-social-media-m-w-d\/#breadcrumb"},"inLanguage":"en-US","potentialAction":[{"@type":"ReadAction","target":[["https:\/\/eggerlicht.com\/en\/jobs\/content-creator-fuer-grafik-design-bildbearbeitung-und-social-media-m-w-d\/"]]}]},{"@type":"BreadcrumbList","@id":"https:\/\/eggerlicht.com\/en\/jobs\/content-creator-fuer-grafik-design-bildbearbeitung-und-social-media-m-w-d\/#breadcrumb","itemListElement":[{"@type":"ListItem","position":1,"name":"Startseite","item":"https:\/\/eggerlicht.com\/en\/"},{"@type":"ListItem","position":2,"name":"Jobs","item":"https:\/\/eggerlicht.com\/en\/jobs\/"},{"@type":"ListItem","position":3,"name":"Content-Creator f\u00fcr Grafik-Design, Bildbearbeitung und Social Media (m\/w\/d) Feldkirchen (K)"}]},{"@type":"WebSite","@id":"https:\/\/eggerlicht.com\/en\/#website","url":"https:\/\/eggerlicht.com\/en\/","name":"Egger Licht","description":"Licht beeinflusst unser Leben.","potentialAction":[{"@type":"SearchAction","target":{"@type":"EntryPoint","urlTemplate":"https:\/\/eggerlicht.com\/en\/?s={search_term_string}"},"query-input":{"@type":"PropertyValueSpecification","valueRequired":true,"valueName":"search_term_string"}}],"inLanguage":"en-US"}]}},"_links":{"self":[{"href":"https:\/\/eggerlicht.com\/en\/wp-json\/wp\/v2\/pages\/2950","targetHints":{"allow":["GET"]}}],"collection":[{"href":"https:\/\/eggerlicht.com\/en\/wp-json\/wp\/v2\/pages"}],"about":[{"href":"https:\/\/eggerlicht.com\/en\/wp-json\/wp\/v2\/types\/page"}],"author":[{"embeddable":true,"href":"https:\/\/eggerlicht.com\/en\/wp-json\/wp\/v2\/users\/3"}],"replies":[{"embeddable":true,"href":"https:\/\/eggerlicht.com\/en\/wp-json\/wp\/v2\/comments?post=2950"}],"version-history":[{"count":6,"href":"https:\/\/eggerlicht.com\/en\/wp-json\/wp\/v2\/pages\/2950\/revisions"}],"predecessor-version":[{"id":2962,"href":"https:\/\/eggerlicht.com\/en\/wp-json\/wp\/v2\/pages\/2950\/revisions\/2962"}],"up":[{"embeddable":true,"href":"https:\/\/eggerlicht.com\/en\/wp-json\/wp\/v2\/pages\/1735"}],"wp:attachment":[{"href":"https:\/\/eggerlicht.com\/en\/wp-json\/wp\/v2\/media?parent=2950"}],"curies":[{"name":"wp","href":"https:\/\/api.w.org\/{rel}","templated":true}]}}